{"id":339,"date":"2018-01-22T15:11:07","date_gmt":"2018-01-22T19:11:07","guid":{"rendered":"http:\/\/ayuntamiento.o\/transparencia\/?page_id=339"},"modified":"2024-05-22T14:00:51","modified_gmt":"2024-05-22T18:00:51","slug":"como-ser-proveedor","status":"publish","type":"page","link":"https:\/\/gobernaciondesantodomingo.gob.do\/transparencia\/como-ser-proveedor\/","title":{"rendered":"\u00bfC\u00f3mo ser proveedor?"},"content":{"rendered":"<p><strong><a href=\"https:\/\/www.dgcp.gob.do\/servicios\/registro-de-proveedores\/\">https:\/\/www.dgcp.gob.do\/servicios\/registro-de-proveedores\/<\/a><\/strong><\/p>\n<p><strong>Requisitos para registrarse como proveedor\/a del Estado.<\/strong><\/p>\n<p>Los requisitos para el Registro de Proveedor del Estado (RPE) var\u00edan por tipo de persona f\u00edsica o jur\u00eddica que hace la solicitud. Ingresa a la categor\u00eda de tu inter\u00e9s para conocer los requerimientos:<\/p>\n<p><strong>PERSONAS F\u00cdSICAS NACIONALES<\/strong><\/p>\n<ol>\n<li>Estar inscrita en el\u00a0<a href=\"https:\/\/dgii.gov.do\/servicios\/Paginas\/cat-RNC.aspx\"><strong>Registro Nacional del Contribuyente (RNC)<\/strong><\/a>.<\/li>\n<li>Completar formulario de solicitud en l\u00ednea\u00a0<a href=\"http:\/\/portaltransaccional.gob.do\/\"><strong>Sistema Electr\u00f3nico de Contrataciones P\u00fablicas (SECP)<\/strong><\/a>, o de<a href=\"https:\/\/www.dgcp.gob.do\/wp-content\/uploads\/servicios\/Formulario-Solicitud.pdf\"><strong>\u00a0manera presencial,<\/strong><\/a>\u00a0asegur\u00e1ndote de que todos los campos est\u00e9n debidamente completados.<\/li>\n<\/ol>\n<ol>\n<li><strong>Certificaci\u00f3n bancaria debidamente firmada y sellada por el banco emisor,<\/strong>\u00a0donde se visualice n\u00famero completo, tipo de cuenta (Ahorro o corriente), divisa (tipo de moneda) y nombre del titular con su n\u00famero de documento de identidad, el cual debe corresponderse con el proveedor\/a a inscribir. Este documento es necesario para la inscripci\u00f3n de tu cuenta bancaria para recibir pagos relativos a procedimientos de compras del Estado dominicano.<\/li>\n<\/ol>\n<p><strong>\u00a0Nota: 1\u00a0<\/strong>Si no est\u00e1s al d\u00eda con los pagos de las obligaciones fiscales en la Direcci\u00f3n General de Impuestos Internos (DGII) y la Tesorer\u00eda de la Seguridad Social (TSS), este \u00faltimo en caso de tener empleados registrados, deber\u00e1s llenar una\u00a0<a href=\"https:\/\/www.dgcp.gob.do\/wp-content\/uploads\/servicios\/Constancia.pdf\"><strong>carta\u00a0<\/strong><\/a>en la cual reconozcas esta situaci\u00f3n.<\/p>\n<p><strong>\u00a0Nota: 2\u00a0<\/strong>Para la asignaci\u00f3n de las actividades comerciales en el RPE, tomaremos en cuenta las\u00a0<a href=\"https:\/\/dgii.gov.do\/herramientas\/consultas\/Paginas\/Consulta-Actividades-Economicas.aspx\"><strong>actividades declaradas en la DGII<\/strong><\/a>\u00a0o en el\u00a0<a href=\"https:\/\/www.camarasantodomingo.do\/servicios-registro-mercantil\/\"><strong>Registro Mercantil<\/strong><\/a>\u00a0o \u00faltima asamblea seg\u00fan corresponda. Para las personas f\u00edsicas que tengan\u00a0<strong>m\u00e1s de una actividad comercial<\/strong>, utilizaremos la copia del\u00a0<a href=\"https:\/\/dgii.gov.do\/SERVICIOS\/PAGINAS\/CAT-RNC.ASPX\"><strong>Acta de Inscripci\u00f3n del Registro Nacional de Contribuyentes (RNC)<\/strong><\/a>\u00a0emitida por la DGII en las que indique las actividades principales y secundarias.<\/p>\n<p><strong>\u00a0Nota: 3\u00a0<\/strong>Queda bajo reservas de la DGCP, requerir cualquier informaci\u00f3n y\/o documentaci\u00f3n complementaria, as\u00ed como aclaraciones, a los fines de culminar el proceso de inscripci\u00f3n en el RPE.<\/p>\n<p><strong>\u00bfC\u00f3mo realizar la solicitud de tu RPE de manera presencial?<\/strong><\/p>\n<p>Adquiere este servicio de manera presencial acudiendo a nuestra sede principal en Santo Domingo, en la\u00a0<strong>Calle Pedro a. Lluberes #10204, esq. Manuel Rodr\u00edguez Obj\u00edo, Gascue<\/strong>, o a la Regional Santiago, ubicada en la\u00a0<strong>Avenida Las Carreras, Santiago De Los Caballeros.<\/strong><\/p>\n<p>Recuerda presentar la informaci\u00f3n y los documentos requeridos seg\u00fan lo indicado en los requisitos de inscripci\u00f3n.<\/p>\n<p><strong>\u00bfC\u00f3mo realizar la solicitud de tu RPE en linea?<\/strong><\/p>\n<ol>\n<li>Crea un usuario en el\u00a0<a href=\"http:\/\/portaltransaccional.gob.do\/\"><strong>Sistema Electr\u00f3nico de Contrataciones P\u00fablicas (SECP)<\/strong><\/a>.<\/li>\n<li>Ingresa con tu usuario al portal, accede a tu escritorio virtual, haz clic en \u201c<strong>Registrarse como nuevo proveedor<\/strong>\u201d y presiona el bot\u00f3n \u201ccontinuar\u201d.<\/li>\n<li>Completa los datos solicitados y adjunta los documentos requeridos.<\/li>\n<li>Est\u00e1 atento\/a a tu correo electr\u00f3nico para dar seguimiento a tu solicitud y\/o accede al portal para ver el estatus de la misma.<\/li>\n<\/ol>\n<p><strong>Requisitos para Sociedades Comerciales Nacionales:<\/strong><\/p>\n<ol>\n<li>Completar formulario de solicitud en l\u00ednea\u00a0<a href=\"http:\/\/portaltransaccional.gob.do\/\"><strong>Sistema Electr\u00f3nico de Contrataciones P\u00fablicas (SECP)<\/strong><\/a>, o de<a href=\"https:\/\/www.dgcp.gob.do\/wp-content\/uploads\/servicios\/Formulario-Solicitud.pdf\"><strong>\u00a0manera presencial,<\/strong><\/a>\u00a0asegur\u00e1ndote de que todos los campos est\u00e9n debidamente completados.<\/li>\n<li>Certificado de\u00a0<a href=\"https:\/\/www.camarasantodomingo.do\/https-www-camarasantodomingo-do-registro-mercantil\/\"><strong>registro mercantil\u00a0<\/strong><\/a>emitido por la C\u00e1mara de Comercio y Producci\u00f3n correspondiente, que se encuentre vigente.<\/li>\n<li>Copia de<strong>\u00a0\u00faltima asamblea celebrada por la sociedad,<\/strong>\u00a0con su n\u00f3mina de presencia y\/o lista de suscriptores, debidamente registrada en la C\u00e1mara de Comercio y Producci\u00f3n correspondiente.<\/li>\n<li>De tener en tu composici\u00f3n societaria, empresas con una participaci\u00f3n igual o superior al 10% del capital social, deber\u00e1s completar la<a href=\"https:\/\/www.dgcp.gob.do\/wp-content\/uploads\/servicios\/Formulario-Beneficiario-simple-final.pdf\"><strong>\u00a0declaraci\u00f3n simple sobre beneficiarios finales.<\/strong><\/a><\/li>\n<\/ol>\n<ol>\n<li>En aquellas sociedades comerciales que tenga dentro de su composici\u00f3n accionaria una empresa que cotice en la bolsa de valores, deber\u00e1s completar la<a href=\"https:\/\/www.dgcp.gob.do\/wp-content\/uploads\/servicios\/Formulario-Beneficiario-simple-final.pdf\"><strong>\u00a0declaraci\u00f3n simple sobre beneficiarios finales,<\/strong><\/a>\u00a0en la cual debes indicar qui\u00e9nes son los miembros del consejo de administraci\u00f3n, consejo directivo con sus cargos, o gerentes (seg\u00fan aplique) y adjuntar copia de sus documentos de identidad. De igual modo, debes presentar el documento legal vigente que demuestre que dicha empresa cotiza en bolsa.<\/li>\n<li><strong>Certificaci\u00f3n bancaria debidamente firmada y sellada por el banco emisor,<\/strong>\u00a0donde se visualice n\u00famero completo, tipo de cuenta (Ahorro o corriente), divisa (tipo de moneda) y nombre del titular con su n\u00famero de documento de identidad, el cual debe corresponderse con el proveedor\/a a inscribir. Este documento es necesario para la inscripci\u00f3n de tu cuenta bancaria para recibir pagos relativos a procedimientos de compras del Estado dominicano.<\/li>\n<\/ol>\n<p class=\"paragraph ng-attr-widget\">\n","protected":false},"excerpt":{"rendered":"https:\/\/www.dgcp.gob.do\/servicios\/registro-de-proveedores\/ Requisitos para registrarse como proveedor\/a del Estado. Los requisitos para el Registro de Proveedor del Estado (RPE) var\u00edan por tipo de persona f\u00edsica o jur\u00eddica que hace la solicitud. Ingresa a la categor\u00eda de tu inter\u00e9s para conocer los requerimientos: PERSONAS F\u00cdSICAS NACIONALES Estar inscrita en el\u00a0Registro Nacional del Contribuyente (RNC). Completar formulario de&#8230;","protected":false},"author":1,"featured_media":0,"parent":0,"menu_order":0,"comment_status":"closed","ping_status":"closed","template":"","meta":{"footnotes":""},"acf":[],"_links":{"self":[{"href":"https:\/\/gobernaciondesantodomingo.gob.do\/transparencia\/wp-json\/wp\/v2\/pages\/339"}],"collection":[{"href":"https:\/\/gobernaciondesantodomingo.gob.do\/transparencia\/wp-json\/wp\/v2\/pages"}],"about":[{"href":"https:\/\/gobernaciondesantodomingo.gob.do\/transparencia\/wp-json\/wp\/v2\/types\/page"}],"author":[{"embeddable":true,"href":"https:\/\/gobernaciondesantodomingo.gob.do\/transparencia\/wp-json\/wp\/v2\/users\/1"}],"replies":[{"embeddable":true,"href":"https:\/\/gobernaciondesantodomingo.gob.do\/transparencia\/wp-json\/wp\/v2\/comments?post=339"}],"version-history":[{"count":4,"href":"https:\/\/gobernaciondesantodomingo.gob.do\/transparencia\/wp-json\/wp\/v2\/pages\/339\/revisions"}],"predecessor-version":[{"id":770,"href":"https:\/\/gobernaciondesantodomingo.gob.do\/transparencia\/wp-json\/wp\/v2\/pages\/339\/revisions\/770"}],"wp:attachment":[{"href":"https:\/\/gobernaciondesantodomingo.gob.do\/transparencia\/wp-json\/wp\/v2\/media?parent=339"}],"curies":[{"name":"wp","href":"https:\/\/api.w.org\/{rel}","templated":true}]}}